{"id":224,"date":"2021-01-13T14:37:11","date_gmt":"2021-01-13T13:37:11","guid":{"rendered":"http:\/\/xn--yogatret-o0a.dk\/?page_id=224"},"modified":"2022-03-27T18:25:05","modified_gmt":"2022-03-27T16:25:05","slug":"anbefalinger","status":"publish","type":"page","link":"http:\/\/xn--yogatret-o0a.dk\/?page_id=224","title":{"rendered":""},"content":{"rendered":"\n<figure class=\"wp-block-pullquote is-style-default\"><blockquote><p><em>Jeg er et menneske, som befinder mig oppe i hovedet en del, s\u00e5 det har v\u00e6ret en lifechanger hver uge at m\u00f8de til yoga i Danmarks smukkeste yogastudie, hvor du er omgivet af ro, natur og Betties sk\u00f8nne v\u00e6sen &amp; rolige stemme, og p\u00e5 grund af det, kommer dejligt dybt ned i kroppen p\u00e5 en smuk og spirituel m\u00e5de<\/em><\/p><p>&#8211; Christina<\/p><\/blockquote><\/figure>\n","protected":false},"excerpt":{"rendered":"<p>Jeg er et menneske, som befinder mig oppe i hovedet en del, s\u00e5 det har v\u00e6ret en lifechanger hver uge at m\u00f8de til yoga i Danmarks smukkeste yogastudie, hvor du er omgivet af ro, natur og Betties sk\u00f8nne v\u00e6sen &amp; rolige stemme, og p\u00e5 grund af det, kommer dejligt dybt&#8230;<\/p>\n","protected":false},"author":1,"featured_media":0,"parent":0,"menu_order":0,"comment_status":"closed","ping_status":"closed","template":"","meta":[],"_links":{"self":[{"href":"http:\/\/xn--yogatret-o0a.dk\/index.php?rest_route=\/wp\/v2\/pages\/224"}],"collection":[{"href":"http:\/\/xn--yogatret-o0a.dk\/index.php?rest_route=\/wp\/v2\/pages"}],"about":[{"href":"http:\/\/xn--yogatret-o0a.dk\/index.php?rest_route=\/wp\/v2\/types\/page"}],"author":[{"embeddable":true,"href":"http:\/\/xn--yogatret-o0a.dk\/index.php?rest_route=\/wp\/v2\/users\/1"}],"replies":[{"embeddable":true,"href":"http:\/\/xn--yogatret-o0a.dk\/index.php?rest_route=%2Fwp%2Fv2%2Fcomments&post=224"}],"version-history":[{"count":23,"href":"http:\/\/xn--yogatret-o0a.dk\/index.php?rest_route=\/wp\/v2\/pages\/224\/revisions"}],"predecessor-version":[{"id":387,"href":"http:\/\/xn--yogatret-o0a.dk\/index.php?rest_route=\/wp\/v2\/pages\/224\/revisions\/387"}],"wp:attachment":[{"href":"http:\/\/xn--yogatret-o0a.dk\/index.php?rest_route=%2Fwp%2Fv2%2Fmedia&parent=224"}],"curies":[{"name":"wp","href":"https:\/\/api.w.org\/{rel}","templated":true}]}}