{"id":278,"date":"2021-01-25T09:20:15","date_gmt":"2021-01-25T08:20:15","guid":{"rendered":"http:\/\/xn--yogatret-o0a.dk\/?page_id=278"},"modified":"2022-03-27T18:23:28","modified_gmt":"2022-03-27T16:23:28","slug":"eleverne-siger-3","status":"publish","type":"page","link":"http:\/\/xn--yogatret-o0a.dk\/?page_id=278","title":{"rendered":""},"content":{"rendered":"\n<figure class=\"wp-block-pullquote\"><blockquote><p>Hos yogatr\u00e6et er der plads til alle. Bettie er en dygtig og s\u00f8d l\u00e6rer, der viser omsorg for alle sine yogier, uanset om man er nybegynder eller erfaren. For mig er Yogatr\u00e6et et unikt rum dedikeret til ro og fordybelse, og derfor vender jeg altid tilbage til Bettie.<\/p><p>&#8211; Carole<\/p><\/blockquote><\/figure>\n","protected":false},"excerpt":{"rendered":"<p>Hos yogatr\u00e6et er der plads til alle. Bettie er en dygtig og s\u00f8d l\u00e6rer, der viser omsorg for alle sine yogier, uanset om man er nybegynder eller erfaren. For mig er Yogatr\u00e6et et unikt rum dedikeret til ro og fordybelse, og derfor vender jeg altid tilbage til Bettie. &#8211; Carole<\/p>\n","protected":false},"author":1,"featured_media":0,"parent":0,"menu_order":0,"comment_status":"closed","ping_status":"closed","template":"","meta":[],"_links":{"self":[{"href":"http:\/\/xn--yogatret-o0a.dk\/index.php?rest_route=\/wp\/v2\/pages\/278"}],"collection":[{"href":"http:\/\/xn--yogatret-o0a.dk\/index.php?rest_route=\/wp\/v2\/pages"}],"about":[{"href":"http:\/\/xn--yogatret-o0a.dk\/index.php?rest_route=\/wp\/v2\/types\/page"}],"author":[{"embeddable":true,"href":"http:\/\/xn--yogatret-o0a.dk\/index.php?rest_route=\/wp\/v2\/users\/1"}],"replies":[{"embeddable":true,"href":"http:\/\/xn--yogatret-o0a.dk\/index.php?rest_route=%2Fwp%2Fv2%2Fcomments&post=278"}],"version-history":[{"count":5,"href":"http:\/\/xn--yogatret-o0a.dk\/index.php?rest_route=\/wp\/v2\/pages\/278\/revisions"}],"predecessor-version":[{"id":385,"href":"http:\/\/xn--yogatret-o0a.dk\/index.php?rest_route=\/wp\/v2\/pages\/278\/revisions\/385"}],"wp:attachment":[{"href":"http:\/\/xn--yogatret-o0a.dk\/index.php?rest_route=%2Fwp%2Fv2%2Fmedia&parent=278"}],"curies":[{"name":"wp","href":"https:\/\/api.w.org\/{rel}","templated":true}]}}